{"id":159,"date":"2026-01-09T12:16:18","date_gmt":"2026-01-09T11:16:18","guid":{"rendered":"https:\/\/abaerenreuter.hak-digital.at\/?page_id=159"},"modified":"2026-01-09T12:16:18","modified_gmt":"2026-01-09T11:16:18","slug":"produktpflege","status":"publish","type":"page","link":"https:\/\/abaerenreuter.hak-digital.at\/?page_id=159","title":{"rendered":"Produktpflege"},"content":{"rendered":"\n<h2 class=\"wp-block-heading\"><strong>So bleibt dein Schmuck lange sch\u00f6n<\/strong><\/h2>\n\n\n\n<p>Schmuck ist etwas ganz Besonderes: Er begleitet dich im Alltag, zu besonderen Momenten und erz\u00e4hlt Geschichten. Damit deine Ketten, Ringe und Armb\u00e4nder lange gl\u00e4nzen, ist die richtige Pflege wichtig.<\/p>\n\n\n\n<h3 class=\"wp-block-heading\"><strong>Tipps zur Pflege deines Schmucks<\/strong><\/h3>\n\n\n\n<p><strong>Regelm\u00e4\u00dfig reinigen:<\/strong><br>Reinige deinen Schmuck sanft mit einem weichen Tuch, um Schmutz und Hautreste zu entfernen.<\/p>\n\n\n\n<p><strong>Vorsichtig mit Wasser &amp; Chemie:<\/strong><br>Schmuck aus Silber, Gold oder mit Steinen sollte besser nicht beim Schwimmen, Duschen oder Putzen getragen werden. Wasser, Parf\u00fcm und Reinigungsmittel k\u00f6nnen den Glanz mindern.<\/p>\n\n\n\n<p><strong>Kosmetik vorher auftragen:<\/strong><br>Lass Make\u2011up, Parf\u00fcm oder Haarspray erst trocknen, bevor du deinen Schmuck anlegst. So bleibt er l\u00e4nger strahlend.<\/p>\n\n\n\n<p><strong>Richtig aufbewahren:<\/strong><br>Bewahre Schmuckst\u00fccke einzeln in einer Schmuckschatulle oder weichen T\u00fcchern auf \u2013 so verhinderst du Kratzer und Verwicklungen.<\/p>\n","protected":false},"excerpt":{"rendered":"<p>So bleibt dein Schmuck lange sch\u00f6n Schmuck ist etwas ganz Besonderes: Er begleitet dich im Alltag, zu besonderen Momenten und erz\u00e4hlt Geschichten. Damit deine Ketten, Ringe und Armb\u00e4nder lange gl\u00e4nzen, ist die richtige Pflege wichtig. Tipps zur Pflege deines Schmucks Regelm\u00e4\u00dfig reinigen:Reinige deinen Schmuck sanft mit einem weichen Tuch, um Schmutz und Hautreste zu entfernen. [&hellip;]<\/p>\n","protected":false},"author":1,"featured_media":0,"parent":0,"menu_order":0,"comment_status":"closed","ping_status":"closed","template":"","meta":{"footnotes":""},"class_list":["post-159","page","type-page","status-publish","hentry"],"_links":{"self":[{"href":"https:\/\/abaerenreuter.hak-digital.at\/index.php?rest_route=\/wp\/v2\/pages\/159","targetHints":{"allow":["GET"]}}],"collection":[{"href":"https:\/\/abaerenreuter.hak-digital.at\/index.php?rest_route=\/wp\/v2\/pages"}],"about":[{"href":"https:\/\/abaerenreuter.hak-digital.at\/index.php?rest_route=\/wp\/v2\/types\/page"}],"author":[{"embeddable":true,"href":"https:\/\/abaerenreuter.hak-digital.at\/index.php?rest_route=\/wp\/v2\/users\/1"}],"replies":[{"embeddable":true,"href":"https:\/\/abaerenreuter.hak-digital.at\/index.php?rest_route=%2Fwp%2Fv2%2Fcomments&post=159"}],"version-history":[{"count":1,"href":"https:\/\/abaerenreuter.hak-digital.at\/index.php?rest_route=\/wp\/v2\/pages\/159\/revisions"}],"predecessor-version":[{"id":160,"href":"https:\/\/abaerenreuter.hak-digital.at\/index.php?rest_route=\/wp\/v2\/pages\/159\/revisions\/160"}],"wp:attachment":[{"href":"https:\/\/abaerenreuter.hak-digital.at\/index.php?rest_route=%2Fwp%2Fv2%2Fmedia&parent=159"}],"curies":[{"name":"wp","href":"https:\/\/api.w.org\/{rel}","templated":true}]}}