{"id":74,"date":"2026-01-08T13:03:35","date_gmt":"2026-01-08T12:03:35","guid":{"rendered":"https:\/\/abaerenreuter.hak-digital.at\/?page_id=74"},"modified":"2026-01-09T12:09:02","modified_gmt":"2026-01-09T11:09:02","slug":"ueber-mich","status":"publish","type":"page","link":"https:\/\/abaerenreuter.hak-digital.at\/?page_id=74","title":{"rendered":"\u00dcber mich"},"content":{"rendered":"\n<div class=\"wp-block-group is-nowrap is-layout-flex wp-container-core-group-is-layout-6c531013 wp-block-group-is-layout-flex\">\n<figure class=\"wp-block-image size-full has-custom-border is-style-default\"><img loading=\"lazy\" decoding=\"async\" width=\"800\" height=\"600\" src=\"https:\/\/abaerenreuter.hak-digital.at\/wp-content\/uploads\/2026\/01\/Image-19.jpg\" alt=\"\" class=\"wp-image-137\" style=\"border-width:10px;border-top-left-radius:10px;border-top-right-radius:10px;border-bottom-left-radius:10px;border-bottom-right-radius:10px\" srcset=\"https:\/\/abaerenreuter.hak-digital.at\/wp-content\/uploads\/2026\/01\/Image-19.jpg 800w, https:\/\/abaerenreuter.hak-digital.at\/wp-content\/uploads\/2026\/01\/Image-19-300x225.jpg 300w, https:\/\/abaerenreuter.hak-digital.at\/wp-content\/uploads\/2026\/01\/Image-19-768x576.jpg 768w\" sizes=\"auto, (max-width: 800px) 100vw, 800px\" \/><\/figure>\n\n\n\n<p class=\"has-text-light-color has-text-regular-background-color has-text-color has-background has-link-color wp-elements-7656bed670cedf395556d696d4447992\" style=\"border-radius:20px\">Ich hei\u00dfe Anna, bin 18 Jahre alt und komme aus Hagenbrunn in Nieder\u00f6sterreich. In meiner Freizeit verbringe ich gerne Zeit mit Freunden, h\u00f6re Musik und probiere neue Dinge aus. Ich bin eine offene, hilfsbereite und verl\u00e4ssliche Person, die gerne im Team arbeitet und immer ihr Bestes gibt.<\/p>\n<\/div>\n\n\n\n<div class=\"wp-block-group is-nowrap is-layout-flex wp-container-core-group-is-layout-6c531013 wp-block-group-is-layout-flex\">\n<p class=\"has-dark-color has-text-light-background-color has-text-color has-background has-link-color wp-elements-9acf10e135a783bcf4f5281bb8c1de4e\" style=\"border-radius:20px\">Schmuck fasziniert mich, weil er Pers\u00f6nlichkeit zeigt und besondere Momente einf\u00e4ngt. Aus dieser Leidenschaft habe ich meine eigene Schmuck-Website geschaffen, um einzigartige St\u00fccke zu pr\u00e4sentieren, die Freude und Stil verbinden.<\/p>\n\n\n\n<figure class=\"wp-block-image size-full has-custom-border\"><img loading=\"lazy\" decoding=\"async\" width=\"600\" height=\"800\" src=\"https:\/\/abaerenreuter.hak-digital.at\/wp-content\/uploads\/2026\/01\/Image-20.jpg\" alt=\"\" class=\"wp-image-138\" style=\"border-width:10px;border-top-left-radius:10px;border-top-right-radius:10px;border-bottom-left-radius:10px;border-bottom-right-radius:10px\" srcset=\"https:\/\/abaerenreuter.hak-digital.at\/wp-content\/uploads\/2026\/01\/Image-20.jpg 600w, https:\/\/abaerenreuter.hak-digital.at\/wp-content\/uploads\/2026\/01\/Image-20-225x300.jpg 225w\" sizes=\"auto, (max-width: 600px) 100vw, 600px\" \/><\/figure>\n<\/div>\n\n\n\n<hr class=\"wp-block-separator has-alpha-channel-opacity\"\/>\n\n\n\n<div style=\"margin-top:var(--wp--preset--spacing--60);margin-bottom:var(--wp--preset--spacing--60);height:50px\" aria-hidden=\"true\" class=\"wp-block-spacer\"><\/div>\n","protected":false},"excerpt":{"rendered":"<p>Ich hei\u00dfe Anna, bin 18 Jahre alt und komme aus Hagenbrunn in Nieder\u00f6sterreich. In meiner Freizeit verbringe ich gerne Zeit mit Freunden, h\u00f6re Musik und probiere neue Dinge aus. Ich bin eine offene, hilfsbereite und verl\u00e4ssliche Person, die gerne im Team arbeitet und immer ihr Bestes gibt. Schmuck fasziniert mich, weil er Pers\u00f6nlichkeit zeigt und [&hellip;]<\/p>\n","protected":false},"author":1,"featured_media":0,"parent":0,"menu_order":0,"comment_status":"closed","ping_status":"closed","template":"","meta":{"footnotes":""},"class_list":["post-74","page","type-page","status-publish","hentry"],"_links":{"self":[{"href":"https:\/\/abaerenreuter.hak-digital.at\/index.php?rest_route=\/wp\/v2\/pages\/74","targetHints":{"allow":["GET"]}}],"collection":[{"href":"https:\/\/abaerenreuter.hak-digital.at\/index.php?rest_route=\/wp\/v2\/pages"}],"about":[{"href":"https:\/\/abaerenreuter.hak-digital.at\/index.php?rest_route=\/wp\/v2\/types\/page"}],"author":[{"embeddable":true,"href":"https:\/\/abaerenreuter.hak-digital.at\/index.php?rest_route=\/wp\/v2\/users\/1"}],"replies":[{"embeddable":true,"href":"https:\/\/abaerenreuter.hak-digital.at\/index.php?rest_route=%2Fwp%2Fv2%2Fcomments&post=74"}],"version-history":[{"count":7,"href":"https:\/\/abaerenreuter.hak-digital.at\/index.php?rest_route=\/wp\/v2\/pages\/74\/revisions"}],"predecessor-version":[{"id":156,"href":"https:\/\/abaerenreuter.hak-digital.at\/index.php?rest_route=\/wp\/v2\/pages\/74\/revisions\/156"}],"wp:attachment":[{"href":"https:\/\/abaerenreuter.hak-digital.at\/index.php?rest_route=%2Fwp%2Fv2%2Fmedia&parent=74"}],"curies":[{"name":"wp","href":"https:\/\/api.w.org\/{rel}","templated":true}]}}